{"id":2219,"date":"2023-05-12T12:41:56","date_gmt":"2023-05-12T12:41:56","guid":{"rendered":"https:\/\/lcwords.com\/privacy-policy\/"},"modified":"2023-10-06T14:05:42","modified_gmt":"2023-10-06T14:05:42","slug":"privacy-policy","status":"publish","type":"page","link":"https:\/\/lcwords.com\/pt-pt\/privacy-policy\/","title":{"rendered":"Privacy Policy (PT)"},"content":{"rendered":"<div class=\"fusion-fullwidth fullwidth-box fusion-builder-row-1 fusion-flex-container nonhundred-percent-fullwidth non-hundred-percent-height-scrolling\" style=\"--awb-border-radius-top-left:0px;--awb-border-radius-top-right:0px;--awb-border-radius-bottom-right:0px;--awb-border-radius-bottom-left:0px;--awb-flex-wrap:wrap;\" ><div class=\"fusion-builder-row fusion-row fusion-flex-align-items-flex-start fusion-flex-content-wrap\" style=\"max-width:1040px;margin-left: calc(-4% \/ 2 );margin-right: calc(-4% \/ 2 );\"><div class=\"fusion-layout-column fusion_builder_column fusion-builder-column-0 fusion_builder_column_1_1 1_1 fusion-flex-column\" style=\"--awb-bg-blend:overlay;--awb-bg-size:cover;--awb-width-large:100%;--awb-margin-top-large:0px;--awb-spacing-right-large:1.92%;--awb-margin-bottom-large:0px;--awb-spacing-left-large:1.92%;--awb-width-medium:100%;--awb-spacing-right-medium:1.92%;--awb-spacing-left-medium:1.92%;--awb-width-small:100%;--awb-spacing-right-small:1.92%;--awb-spacing-left-small:1.92%;\"><div class=\"fusion-column-wrapper fusion-flex-justify-content-flex-start fusion-content-layout-column\"><div class=\"fusion-title title fusion-title-1 fusion-sep-none fusion-title-text fusion-title-size-one\" style=\"--awb-margin-top-small:10px;--awb-margin-right-small:0px;--awb-margin-bottom-small:10px;--awb-margin-left-small:0px;\"><h1 class=\"fusion-title-heading title-heading-left\" style=\"margin:0;\">Pol\u00edtica de privacidade<\/h1><\/div><div class=\"fusion-text fusion-text-1\"><ul>\n<li><a href=\"https:\/\/lcwords.com\/pt\/policies#privacy\">Declara\u00e7\u00e3o de privacidade e uso de dados<\/a><\/li>\n<li><a href=\"https:\/\/lcwords.com\/pt\/policies#terms\">Termos e Condi\u00e7\u00f5es<\/a><\/li>\n<li><a href=\"https:\/\/lcwords.com\/pt\/policies#retention\">Pol\u00edtica de reten\u00e7\u00e3o de dados<\/a><\/li>\n<li><a href=\"https:\/\/lcwords.com\/pt\/policies#contact\">Como entrar em contato conosco<\/a><\/li>\n<\/ul>\n<h2 id=\"privacy\">Declara\u00e7\u00e3o de privacidade e uso de dados<\/h2>\n<p>A Lifewords est\u00e1 comprometida em proteger sua privacidade e usar seus dados de forma justa. N\u00f3s retemos e processamos todas as informa\u00e7\u00f5es pessoais de acordo com a Lei de Prote\u00e7\u00e3o de Dados de 1998 e as Normas Gerais de Prote\u00e7\u00e3o de Dados (GDPR). Esta declara\u00e7\u00e3o explica como coletamos, usamos e armazenamos suas informa\u00e7\u00f5es pessoais e quais s\u00e3o suas implica\u00e7\u00f5es para voc\u00ea. Esta declara\u00e7\u00e3o deve ser lida em conjunto com nossos termos e condi\u00e7\u00f5es.<\/p>\n<h3>Por que e como coletamos informa\u00e7\u00f5es<\/h3>\n<p>Coletamos e armazenamos seus dados pessoais em um banco de dados seguro para atender \u00e0s nossas obriga\u00e7\u00f5es legais, estatut\u00e1rias e contratuais e aos nossos objetivos de caridade. Isso incluir\u00e1 registrar e atender solicita\u00e7\u00f5es de recebimento de mensagens LCWords no aplicativo ou por email.<\/p>\n<p>Os dados pessoais que coletamos podem incluir e-mail, sexo, faixa et\u00e1ria e pa\u00eds.<\/p>\n<p>N\u00f3s coletamos seus dados pessoais diretamente de voc\u00ea atrav\u00e9s do nosso site e do aplicativo LCWords. Tamb\u00e9m podemos coletar informa\u00e7\u00f5es que voc\u00ea disponibiliza em, por exemplo, Twitter, Facebook, Linkedin ou plataformas semelhantes e tamb\u00e9m coletamos dados n\u00e3o pessoais, como endere\u00e7os IP, detalhes de p\u00e1ginas visitadas e arquivos baixados quando voc\u00ea visita nosso site. Ocasionalmente, podemos coletar informa\u00e7\u00f5es dispon\u00edveis publicamente de fontes, como informa\u00e7\u00f5es publicadas em artigos, jornais ou blogs.<\/p>\n<h3>Pol\u00edtica de cookies<\/h3>\n<p>Nosso site usa cookies para definir e lembrar o idioma que voc\u00ea usa em nosso site. Embora armazenados em seu disco r\u00edgido, esses cookies n\u00e3o nos permitem acessar o seu computador e n\u00e3o representam nenhum risco para o seu computador ou seus dados. Voc\u00ea pode desativar os cookies no seu navegador. Isso pode exigir que voc\u00ea selecione seu site e idioma regionais a cada visita.<\/p>\n<h3>Como usamos seus dados pessoais<\/h3>\n<p>N\u00f3s levamos a sua privacidade a s\u00e9rio e n\u00e3o compartilhamos ou vendemos seus dados a outras institui\u00e7\u00f5es de caridade, nem a disponibilizamos sem o seu consentimento, exceto se exigido por lei. N\u00f3s processamos seus dados com base em interesses leg\u00edtimos &#8211; esse \u00e9 o seu interesse e envolvimento em nossa miss\u00e3o. Seu endere\u00e7o de e-mail e pa\u00eds s\u00e3o armazenados e usados apenas para o prop\u00f3sito da assinatura de e-mail. Os dados de faixa et\u00e1ria e sexo s\u00e3o usados para fins estat\u00edsticos. O aplicativo LCWords coleta informa\u00e7\u00f5es sobre seu pa\u00eds e a frequ\u00eancia do uso do aplicativo. Tamb\u00e9m monitoramos sua intera\u00e7\u00e3o com o aplicativo LCWords, mas apenas de forma agregada. Fazemos isso para melhorar o aplicativo. N\u00e3o \u00e9 poss\u00edvel identificar um usu\u00e1rio em particular a partir das informa\u00e7\u00f5es que coletamos por meio do aplicativo. N\u00f3s s\u00f3 mantemos seus dados pelo tempo que for necess\u00e1rio para necessidades legais ou operacionais. Para ver nossa pol\u00edtica de reten\u00e7\u00e3o de dados, consulte o cap\u00edtulo &#8220;Pol\u00edtica de reten\u00e7\u00e3o de dados&#8221;.<\/p>\n<h3>Comunica\u00e7\u00f5es eletr\u00f4nicas<\/h3>\n<p>Se voc\u00ea se inscrever no LCWords, receber\u00e1 e-mails sobre sua assinatura. Voc\u00ea pode optar por receber outras comunica\u00e7\u00f5es por e-mail (incluindo nossos e-mails ocasionais sobre not\u00edcias de publica\u00e7\u00f5es b\u00edblicas e nossas campanhas) durante o processo de assinatura on-line. Al\u00e9m disso, nossa pol\u00edtica \u00e9 enviar e-mails somente se voc\u00ea nos indicar que deseja receber comunica\u00e7\u00e3o eletr\u00f4nica, de acordo com os Regulamentos de Privacidade e Comunica\u00e7\u00e3o Eletr\u00f4nica (EC Directive) de 2003. Todos os nossos e-mails oferecem a voc\u00ea a chance de cancelar a inscri\u00e7\u00e3o.<\/p>\n<h3>Outros usos<\/h3>\n<p>Podemos enviar seus dados para ag\u00eancias para fornecer correspond\u00eancia e outros servi\u00e7os, e eles s\u00e3o regidos pelas mesmas regras de privacidade. Seus dados sempre ser\u00e3o manipulados com seguran\u00e7a. Por favor, deixe-nos saber se voc\u00ea n\u00e3o deseja que processemos seus dados dessa maneira.<\/p>\n<h3>Seus direitos<\/h3>\n<p>\u00c9 seu direito solicitar acesso a qualquer informa\u00e7\u00e3o que tenhamos sobre voc\u00ea. Se voc\u00ea gostaria de ver seus dados pessoais, ou acreditar que est\u00e1 incorreto ou incompleto, por favor escreva-nos para o endere\u00e7o abaixo. N\u00f3s responderemos ao seu pedido dentro de 28 dias ap\u00f3s receber sua carta. Se voc\u00ea acredita que seus dados foram usados indevidamente ou que n\u00e3o os mantivemos seguros, informe-nos tamb\u00e9m.<\/p>\n<h3>Altera\u00e7\u00f5es na declara\u00e7\u00e3o de privacidade da Lifewords<\/h3>\n<p>De tempos em tempos, faremos altera\u00e7\u00f5es nesta declara\u00e7\u00e3o para mant\u00ea-la atualizada e em conformidade com a legisla\u00e7\u00e3o atual. Por favor, certifique-se de verificar regularmente para ver o que mudou.<\/p>\n<h2 id=\"terms\">Termos e Condi\u00e7\u00f5es<\/h2>\n<p>Ao utilizar este site, voc\u00ea concorda em cumprir com nossos termos e condi\u00e7\u00f5es de uso, conforme estabelecido abaixo, juntamente com nossa pol\u00edtica de privacidade e uso de dados.<\/p>\n<h3>Termos de uso<\/h3>\n<p>O conte\u00fado do site LCWords.com \u00e9 para sua informa\u00e7\u00e3o geral e usado por voc\u00ea. N\u00f3s nos reservamos o direito de alterar o conte\u00fado sem aviso pr\u00e9vio. N\u00f3s nos esfor\u00e7amos, mas n\u00e3o podemos garantir, precis\u00e3o e desempenho do site. Exclu\u00edmos responsabilidade por imprecis\u00f5es ou erros. Ser\u00e1 de sua responsabilidade garantir que as informa\u00e7\u00f5es acessadas por meio deste site atendam aos seus requisitos espec\u00edficos, e que os materiais e informa\u00e7\u00f5es deste site sejam usados por sua conta e risco.<\/p>\n<h3>Direitos autorais intelectuais<\/h3>\n<p>Este site cont\u00e9m material que pertence a Lifewords. Isso inclui, mas n\u00e3o est\u00e1 limitado a: design do site, layout, imagens e texto. A reprodu\u00e7\u00e3o total ou parcial \u00e9 proibida sem permiss\u00e3o. O uso n\u00e3o autorizado deste site pode exigir reivindica\u00e7\u00f5es por danos, ou pode constituir uma ofensa criminal.<\/p>\n<h3>Pol\u00edtica de links<\/h3>\n<p>Este site cont\u00e9m links para sites externos. A Lifewords n\u00e3o \u00e9 respons\u00e1vel pelo conte\u00fado ou pela funcionalidade de sites externos vinculados, nem endossa necessariamente quaisquer vis\u00f5es ou conte\u00fados encontrados nela. A notifica\u00e7\u00e3o \u00e9 apreciada, mas n\u00e3o \u00e9 obrigat\u00f3ria, quando vinculada a qualquer site ou conte\u00fado da Lifewords.<\/p>\n<h2 id=\"retention\">Pol\u00edtica de reten\u00e7\u00e3o de dados<\/h2>\n<p>Nossa Pol\u00edtica e processos de reten\u00e7\u00e3o de dados cumprem integralmente o quinto princ\u00edpio do Artigo 5 do GDPR.<\/p>\n<p>Na pr\u00e1tica, isso significa que n\u00e3o manteremos os dados pessoais por mais tempo do que o necess\u00e1rio para requisitos legais ou operacionais. Por quanto tempo mantemos seus dados depender\u00e1 da natureza do seu relacionamento conosco.<\/p>\n<p>Se ap\u00f3s seu contato inicial conosco (uma doa\u00e7\u00e3o, uma solicita\u00e7\u00e3o de contato ou alguma outra atividade) voc\u00ea n\u00e3o tomar mais nenhuma medida conosco em um per\u00edodo de dois anos, n\u00f3s removeremos seu nome de nossas listas de correspond\u00eancia postal. Isso ocorre porque n\u00e3o acreditamos que haja interesse leg\u00edtimo em continuar a usar seus dados. Antes de remov\u00ea-lo de nossas listas de e-mail, oferecemos a voc\u00ea a oportunidade de escolher receber nossas comunica\u00e7\u00f5es. Ap\u00f3s quatro anos de inatividade, removeremos seus dados do nosso banco de dados de suporte e, portanto, deixaremos de processar seus dados. Se voc\u00ea estiver inscrito em qualquer lista de e-mails, continuar\u00e1 recebendo e-mails at\u00e9 que voc\u00ea cancele a inscri\u00e7\u00e3o. Sua conta da Web, se voc\u00ea tiver uma, permanecer\u00e1 ativa at\u00e9 que substitua nosso site ou exclua sua conta.<\/p>\n<p>Para todos os outros, analisaremos sua inclus\u00e3o nas listas de correspond\u00eancia postal a cada dois ou tr\u00eas anos, dando a voc\u00ea a oportunidade de escolher receber comunica\u00e7\u00f5es antes de removermos seus detalhes. Analisaremos regularmente aqueles que n\u00e3o t\u00eam mais nenhuma atividade a cada quatro anos e, quando n\u00e3o houver motivos para interesses leg\u00edtimos, removeremos voc\u00ea de nossas listas de correspond\u00eancia e banco de dados de patrocinadores. Se voc\u00ea estiver inscrito em qualquer lista de e-mails, continuar\u00e1 recebendo e-mails at\u00e9 que voc\u00ea cancele a inscri\u00e7\u00e3o. Sua conta da Web, se voc\u00ea tiver uma, permanecer\u00e1 ativa at\u00e9 que substitua nosso site ou exclua sua conta.<\/p>\n<p>Podemos considerar que existe um interesse leg\u00edtimo em continuar processando seus dados se voc\u00ea for um legator em potencial, um Membro da Associa\u00e7\u00e3o, um ex-funcion\u00e1rio ou curador, ou um doador significativo de longo prazo.<\/p>\n<h2 id=\"contact\">Como entrar em contato conosco<\/h2>\n<p>Se voc\u00ea tiver alguma d\u00favida sobre como suas informa\u00e7\u00f5es s\u00e3o tratadas, ou para nos informar suas prefer\u00eancias, envie um email para hello@LCWords.com, telefone +44 20 7730 2155, ou escreva em:<\/p>\n<p>Lifewords<br \/>1A The Chandlery<br \/>50 Westminster Bridge Road<br \/>London<br \/>SE1 7QY<\/p>\n<p>Lifewords \u00e9 o nome operacional da Scripture Gift Mission (Incorporated), uma empresa limitada por garantia. Registrado no Reino Unido. Escrit\u00f3rio registrado: 1A The Chandlery, 50 Westminster Bridge Road, Londres SE1 7QY. Empresa n \u00ba 145932. Caridade n \u00ba 219055. IVA n \u00ba GB 239 6620 43.<\/p>\n<p>Um membro da fam\u00edlia global de organiza\u00e7\u00f5es da Lifewords<\/p>\n<p><em>Atualizado em: 24.09.2023<\/em><\/p>\n<\/div><\/div><\/div><\/div><\/div>\n","protected":false},"excerpt":{"rendered":"","protected":false},"author":1,"featured_media":0,"parent":0,"menu_order":0,"comment_status":"closed","ping_status":"closed","template":"","meta":{"_acf_changed":false,"footnotes":""},"class_list":["post-2219","page","type-page","status-publish","hentry"],"acf":[],"_links":{"self":[{"href":"https:\/\/lcwords.com\/pt-pt\/wp-json\/wp\/v2\/pages\/2219"}],"collection":[{"href":"https:\/\/lcwords.com\/pt-pt\/wp-json\/wp\/v2\/pages"}],"about":[{"href":"https:\/\/lcwords.com\/pt-pt\/wp-json\/wp\/v2\/types\/page"}],"author":[{"embeddable":true,"href":"https:\/\/lcwords.com\/pt-pt\/wp-json\/wp\/v2\/users\/1"}],"replies":[{"embeddable":true,"href":"https:\/\/lcwords.com\/pt-pt\/wp-json\/wp\/v2\/comments?post=2219"}],"version-history":[{"count":0,"href":"https:\/\/lcwords.com\/pt-pt\/wp-json\/wp\/v2\/pages\/2219\/revisions"}],"wp:attachment":[{"href":"https:\/\/lcwords.com\/pt-pt\/wp-json\/wp\/v2\/media?parent=2219"}],"curies":[{"name":"wp","href":"https:\/\/api.w.org\/{rel}","templated":true}]}}