{"id":2218,"date":"2023-05-12T12:41:56","date_gmt":"2023-05-12T12:41:56","guid":{"rendered":"https:\/\/lcwords.com\/privacy-policy\/"},"modified":"2023-08-14T04:40:09","modified_gmt":"2023-08-14T04:40:09","slug":"privacy-policy","status":"publish","type":"page","link":"https:\/\/lcwords.com\/pl\/privacy-policy\/","title":{"rendered":"Privacy Policy (PL)"},"content":{"rendered":"<div class=\"fusion-fullwidth fullwidth-box fusion-builder-row-1 fusion-flex-container nonhundred-percent-fullwidth non-hundred-percent-height-scrolling\" style=\"--awb-border-radius-top-left:0px;--awb-border-radius-top-right:0px;--awb-border-radius-bottom-right:0px;--awb-border-radius-bottom-left:0px;--awb-flex-wrap:wrap;\" ><div class=\"fusion-builder-row fusion-row fusion-flex-align-items-flex-start fusion-flex-content-wrap\" style=\"max-width:1040px;margin-left: calc(-4% \/ 2 );margin-right: calc(-4% \/ 2 );\"><div class=\"fusion-layout-column fusion_builder_column fusion-builder-column-0 fusion_builder_column_1_1 1_1 fusion-flex-column\" style=\"--awb-bg-blend:overlay;--awb-bg-size:cover;--awb-width-large:100%;--awb-margin-top-large:0px;--awb-spacing-right-large:1.92%;--awb-margin-bottom-large:0px;--awb-spacing-left-large:1.92%;--awb-width-medium:100%;--awb-spacing-right-medium:1.92%;--awb-spacing-left-medium:1.92%;--awb-width-small:100%;--awb-spacing-right-small:1.92%;--awb-spacing-left-small:1.92%;\"><div class=\"fusion-column-wrapper fusion-flex-justify-content-flex-start fusion-content-layout-column\"><div class=\"fusion-title title fusion-title-1 fusion-sep-none fusion-title-text fusion-title-size-one\" style=\"--awb-margin-top-small:10px;--awb-margin-right-small:0px;--awb-margin-bottom-small:10px;--awb-margin-left-small:0px;\"><h1 class=\"fusion-title-heading title-heading-left\" style=\"margin:0;\">Polityka prywatno\u015bci Lifewords<\/h1><\/div><div class=\"fusion-text fusion-text-1\"><ul>\n<li><a href=\"#privacy\">O\u015bwiadczenie o prywatno\u015bci i korzystaniu z danych<\/a><\/li>\n<li><a href=\"#terms\">Regulamin u\u017cytkowania<\/a><\/li>\n<li><a href=\"#retention\">Polityka przechowywania danych<\/a><\/li>\n<li><a href=\"#contact\">Jak si\u0119 z nami skontaktowa\u0107<\/a><\/li>\n<\/ul>\n<h2 id=\"privacy\">O\u015bwiadczenie o prywatno\u015bci i korzystaniu z danych<\/h2>\n<p>Lifewords zobowi\u0105zuje si\u0119 do ochrony Twojej prywatno\u015bci i sprawiedliwego korzystania z Twoich danych. Przechowujemy i przetwarzamy wszystkie dane osobowe zgodnie z ustaw\u0105 o ochronie danych z 1998 r. I og\u00f3lnymi przepisami o ochronie danych (GDPR). Niniejsze o\u015bwiadczenie wyja\u015bnia, w jaki spos\u00f3b zbieramy, u\u017cywamy i przechowujemy Twoje dane osobowe oraz jakie s\u0105 ich konsekwencje dla Ciebie. To o\u015bwiadczenie nale\u017cy czyta\u0107 \u0142\u0105cznie z regulaminem u\u017cytkowania.<\/p>\n<h3>Dlaczego i jak zbieramy informacje<\/h3>\n<p>Gromadzimy i przechowujemy Twoje dane osobowe w bezpiecznej bazie danych, aby spe\u0142ni\u0107 nasze prawne, ustawowe i umowne zobowi\u0105zania oraz cele charytatywne. Obejmuje to rejestrowanie i spe\u0142nianie pr\u00f3\u015bb o odbieranie wiadomo\u015bci LCWords w aplikacji lub e-mailem.<\/p>\n<p>Dane osobowe, kt\u00f3re zbieramy, mog\u0105 obejmowa\u0107 adres e-mail, p\u0142e\u0107, przedzia\u0142 wiekowy i kraj.<\/p>\n<p>Zbieramy Twoje dane osobowe bezpo\u015brednio od Ciebie za po\u015brednictwem naszej strony internetowej i aplikacji LCWords. Mo\u017cemy r\u00f3wnie\u017c zbiera\u0107 informacje, kt\u00f3re udost\u0119pniasz na przyk\u0142ad na Twitterze, Facebooku, Linkedin lub podobnych platformach, a tak\u017ce zbieramy dane nieosobowe, takie jak adresy IP, szczeg\u00f3\u0142y odwiedzanych stron i pliki pobrane podczas odwiedzania naszej witryny. Czasami mo\u017cemy zbiera\u0107 publicznie dost\u0119pne informacje ze \u017ar\u00f3de\u0142, takich jak informacje publikowane w artyku\u0142ach, gazetach lub blogach.<\/p>\n<h3>Polityka plik\u00f3w cookie<\/h3>\n<p>Nasza strona internetowa wykorzystuje pliki cookie do ustawiania i zapami\u0119tywania j\u0119zyka, kt\u00f3rego u\u017cywasz na naszej stronie internetowej. Chocia\u017c pliki te s\u0105 przechowywane na Twoim dysku twardym, nie pozwalaj\u0105 nam uzyska\u0107 dost\u0119pu do Twojego komputera i nie stanowi\u0105 zagro\u017cenia dla Twojego komputera lub danych. Mo\u017cesz wy\u0142\u0105czy\u0107 pliki cookie w swojej przegl\u0105darce. Mo\u017ce to wymaga\u0107 wybrania lokalnej witryny i j\u0119zyka przy ka\u017cdej wizycie.<\/p>\n<h3>W jaki spos\u00f3b wykorzystujemy Twoje dane osobowe<\/h3>\n<p>Traktujemy twoj\u0105 prywatno\u015b\u0107 powa\u017cnie i nie dzielimy si\u0119 ani nie sprzedajemy twoich danych innym organizacjom charytatywnym, ani nie udost\u0119pniamy jej bez Twojej zgody, chyba \u017ce jest to wymagane przez prawo. Przetwarzamy Twoje dane w oparciu o uzasadniony interes &#8211; to Twoje zainteresowanie i zaanga\u017cowanie w nasz\u0105 misj\u0119. Tw\u00f3j adres e-mail i kraj s\u0105 przechowywane i u\u017cywane tylko w celu subskrypcji wiadomo\u015bci e-mail. Dane dotycz\u0105ce wieku i p\u0142ci s\u0105 wykorzystywane do cel\u00f3w statystycznych. Aplikacja LCWords zbiera informacje o Twoim kraju i cz\u0119stotliwo\u015bci korzystania z aplikacji. Monitorujemy r\u00f3wnie\u017c Twoj\u0105 interakcj\u0119 z aplikacj\u0105 LCWords, ale tylko w formie zagregowanej. Robimy to, aby ulepszy\u0107 aplikacj\u0119. Nie mo\u017cna zidentyfikowa\u0107 konkretnego u\u017cytkownika z informacji, kt\u00f3re zbieramy za po\u015brednictwem aplikacji. Przechowujemy Twoje dane tylko tak d\u0142ugo, jak to konieczne dla potrzeb prawnych lub operacyjnych. Aby zapozna\u0107 si\u0119 z nasz\u0105 polityk\u0105 przechowywania danych, przejd\u017a do rozdzia\u0142u &#8222;Zasady przechowywania danych&#8221;.<\/p>\n<h3>Komunikacja elektroniczna<\/h3>\n<p>Je\u015bli subskrybujesz LCWords, otrzymasz e-maile z informacjami o subskrypcji. Mo\u017cesz zdecydowa\u0107 si\u0119 na otrzymywanie innych wiadomo\u015bci e-mail (w tym naszych okazjonalnych wiadomo\u015bci e-mail o nowo\u015bciach biblijnych i naszych kampaniach) podczas procesu subskrypcji online. Poza tym, nasz\u0105 zasad\u0105 jest wysy\u0142anie wiadomo\u015bci e-mail tylko w przypadku, gdy nam wskaza\u0142e\u015b, \u017ce chcesz od nas korzysta\u0107 z komunikacji elektronicznej, zgodnie z przepisami o ochronie prywatno\u015bci i komunikacji elektronicznej (Dyrektywa WE) z 2003 roku. Wszystkie nasze e-maile daj\u0105 Ci mo\u017cliwo\u015b\u0107 wypisania si\u0119.<\/p>\n<h3>Inne zastosowania<\/h3>\n<p>Mo\u017cemy przesy\u0142a\u0107 dane do agencji w celu \u015bwiadczenia us\u0142ug pocztowych i innych us\u0142ug, i podlegaj\u0105 one tym samym zasadom ochrony prywatno\u015bci. Twoje dane b\u0119d\u0105 zawsze bezpiecznie przetwarzane. Daj nam zna\u0107, je\u015bli nie chcesz, aby\u015bmy przetwarzali Twoje dane w ten spos\u00f3b.<\/p>\n<h3>Twoje prawa<\/h3>\n<p>Masz prawo \u017c\u0105da\u0107 dost\u0119pu do wszelkich informacji, kt\u00f3re posiadamy o Tobie. Je\u015bli chcesz zobaczy\u0107 swoje dane osobowe lub uwa\u017casz, \u017ce s\u0105 one nieprawid\u0142owe lub niekompletne, napisz do nas na poni\u017cszy adres. Odpowiemy na Twoje \u017c\u0105danie w ci\u0105gu 28 dni od otrzymania Twojego listu. Je\u015bli uwa\u017casz, \u017ce Twoje dane zosta\u0142y wykorzystane nieprawid\u0142owo lub nie zapewni\u0142y bezpiecze\u0144stwa, poinformuj nas r\u00f3wnie\u017c.<\/p>\n<h3>Zmiany w polityce prywatno\u015bci Lifewords<\/h3>\n<p>Od czasu do czasu wprowadzamy zmiany do tego o\u015bwiadczenia, aby by\u0142o ono aktualne i zgodne z obowi\u0105zuj\u0105cymi przepisami. Upewnij si\u0119, \u017ce regularnie sprawdzasz, co si\u0119 zmieni\u0142o.<\/p>\n<h2 id=\"terms\">Regulamin u\u017cytkowania<\/h2>\n<p>Korzystaj\u0105c z tej witryny, wyra\u017casz zgod\u0119 na przestrzeganie naszych warunk\u00f3w u\u017cytkowania, zgodnie z poni\u017cszymi postanowieniami, wraz z nasz\u0105 polityk\u0105 prywatno\u015bci i u\u017cytkowania danych.<\/p>\n<h3>Warunki korzystania<\/h3>\n<p>Tre\u015b\u0107 witryny LCWords.com jest przeznaczona dla og\u00f3lnych informacji i wykorzystania przez Ciebie. Zastrzegamy sobie prawo do zmiany tre\u015bci bez powiadomienia. Staramy si\u0119, ale nie mo\u017cemy zagwarantowa\u0107, dok\u0142adno\u015bci i wydajno\u015bci witryny. Nie ponosimy odpowiedzialno\u015bci za niedok\u0142adno\u015bci lub b\u0142\u0119dy. Twoim obowi\u0105zkiem jest upewni\u0107 si\u0119, \u017ce informacje dost\u0119pne za po\u015brednictwem tej strony internetowej spe\u0142niaj\u0105 okre\u015blone wymagania, a materia\u0142y i informacje z tej witryny s\u0105 wykorzystywane na w\u0142asne ryzyko.<\/p>\n<h3>Prawa autorskie intelektualne<\/h3>\n<p>Ta strona zawiera materia\u0142, kt\u00f3ry jest w\u0142asno\u015bci\u0105 Lifewords. Obejmuje to, ale nie ogranicza si\u0119 do: projektowania strony internetowej, uk\u0142adu, obraz\u00f3w i tekstu. Powielanie ca\u0142o\u015bci lub cz\u0119\u015bci z nich jest zabronione bez zezwolenia. Nieautoryzowane korzystanie z tej witryny mo\u017ce wymaga\u0107 roszcze\u0144 odszkodowawczych lub mo\u017ce stanowi\u0107 przest\u0119pstwo.<\/p>\n<h3>Zasady dotycz\u0105ce link\u00f3w<\/h3>\n<p>Ta strona internetowa zawiera linki do zewn\u0119trznych stron internetowych. Lifewords nie ponosi odpowiedzialno\u015bci za zawarto\u015b\u0107 lub funkcjonalno\u015b\u0107 zewn\u0119trznych witryn z linkami, ani nie musi popiera\u0107 \u017cadnych wy\u015bwietle\u0144 ani tre\u015bci w nich zawartych. Powiadomienie jest mile widziane, ale nie jest wymagane, gdy \u0142\u0105czysz si\u0119 z dowoln\u0105 witryn\u0105 lub tre\u015bci\u0105 Lifewords.<\/p>\n<h2 id=\"retention\">Polityka przechowywania danych<\/h2>\n<p>Nasze zasady i procedury dotycz\u0105ce zatrzymywania danych s\u0105 w pe\u0142ni zgodne z pi\u0105t\u0105 zasad\u0105 zawart\u0105 w art. 5 w RODO.<\/p>\n<p>W praktyce oznacza to, \u017ce nie b\u0119dziemy przechowywa\u0107 danych osobowych d\u0142u\u017cej ni\u017c jest to konieczne dla wymog\u00f3w prawnych lub operacyjnych. To, jak d\u0142ugo b\u0119dziemy przechowywa\u0107 twoje dane, b\u0119dzie zale\u017ca\u0142o od charakteru twojego zwi\u0105zku z nami.<\/p>\n<p>Je\u015bli po pierwszym kontakcie z nami (darowizna, pro\u015bba o kontakt lub inna dzia\u0142alno\u015b\u0107) nie podejmiesz \u017cadnych dalszych dzia\u0142a\u0144 w ci\u0105gu dw\u00f3ch lat, usuniemy Twoje imi\u0119 z naszych pocztowych list adresowych. Dzieje si\u0119 tak, poniewa\u017c nie uwa\u017camy, \u017ce istnieje uzasadniony interes w dalszym wykorzystywaniu danych. Zanim usuniemy Ci\u0119 z naszych list mailingowych, zaoferujemy Ci mo\u017cliwo\u015b\u0107 wyboru sposobu otrzymywania wiadomo\u015bci od nas. Po czterech latach bezczynno\u015bci usuniemy Twoje dane z naszej bazy danych dla os\u00f3b wspieraj\u0105cych i dlatego przestaniemy przetwarza\u0107 Twoje dane. Je\u015bli subskrybujesz dowolne listy e-mailowe, b\u0119dziesz otrzymywa\u0107 e-maile, dop\u00f3ki nie zrezygnujesz z subskrypcji. Twoje konto internetowe, je\u015bli je posiadasz, pozostanie aktywne do momentu zast\u0105pienia naszej witryny lub usuni\u0119cia konta.<\/p>\n<p>Wszyscy inni sprawdzimy Twoj\u0105 obecno\u015b\u0107 na listach pocztowych co dwa lub trzy lata, daj\u0105c Ci mo\u017cliwo\u015b\u0107 wybrania opcji odbierania komunikat\u00f3w, zanim usuniemy Twoje dane. B\u0119dziemy regularnie sprawdza\u0107 osoby bez dalszej dzia\u0142alno\u015bci co cztery lata, a tam, gdzie nie ma uzasadnionych powod\u00f3w, usuniemy Ci\u0119 z naszej listy mailingowej i bazy kibic\u00f3w. Je\u015bli subskrybujesz dowolne listy e-mailowe, b\u0119dziesz otrzymywa\u0107 e-maile, dop\u00f3ki nie zrezygnujesz z subskrypcji. Twoje konto internetowe, je\u015bli je posiadasz, pozostanie aktywne do momentu zast\u0105pienia naszej witryny lub usuni\u0119cia konta.<\/p>\n<p>Mo\u017cemy uzna\u0107, \u017ce istnieje uzasadniony interes w kontynuowaniu przetwarzania danych, je\u015bli jeste\u015b potencjalnym legatorem, cz\u0142onkiem Stowarzyszenia, by\u0142ym cz\u0142onkiem personelu lub kuratorem lub znacz\u0105cym d\u0142ugoterminowym dawc\u0105.<\/p>\n<h2 id=\"contact\">Jak si\u0119 z nami skontaktowa\u0107<\/h2>\n<p>Je\u015bli masz jakiekolwiek pytania dotycz\u0105ce sposobu obs\u0142ugi Twoich informacji lub poinformowania nas o swoich preferencjach, napisz do nas na adres hello@LCWords.com, zadzwo\u0144 pod numer +44 20 7730 2155 lub napisz na adres:<\/p>\n<p>Lifewords<br \/>\n1A The Chandlery<br \/>\n50 Westminster Bridge Road<br \/>\nLondon<br \/>\nSE1 7QY<\/p>\n<p>Lifewords jest nazw\u0105 operacyjn\u0105 Scripture Gift Mission (Incorporated), firmy z ograniczon\u0105 gwarancj\u0105. Zarejestrowany w Wielkiej Brytanii. Siedziba: 1A The Chandlery, 50 Westminster Bridge Road, Londyn SE1 7QY. Firma nr 145932. Organizacja charytatywna nr 219055. Nr VAT GB 239 6620 43.<\/p>\n<p>Cz\u0142onek globalnej rodziny organizacji Lifewords<\/p>\n<p><em>Zaktualizowano: 14.08.2023<\/em><\/p>\n<\/div><\/div><\/div><\/div><\/div>\n","protected":false},"excerpt":{"rendered":"","protected":false},"author":1,"featured_media":0,"parent":0,"menu_order":0,"comment_status":"closed","ping_status":"closed","template":"","meta":{"_acf_changed":false,"footnotes":""},"class_list":["post-2218","page","type-page","status-publish","hentry"],"acf":[],"_links":{"self":[{"href":"https:\/\/lcwords.com\/pl\/wp-json\/wp\/v2\/pages\/2218"}],"collection":[{"href":"https:\/\/lcwords.com\/pl\/wp-json\/wp\/v2\/pages"}],"about":[{"href":"https:\/\/lcwords.com\/pl\/wp-json\/wp\/v2\/types\/page"}],"author":[{"embeddable":true,"href":"https:\/\/lcwords.com\/pl\/wp-json\/wp\/v2\/users\/1"}],"replies":[{"embeddable":true,"href":"https:\/\/lcwords.com\/pl\/wp-json\/wp\/v2\/comments?post=2218"}],"version-history":[{"count":0,"href":"https:\/\/lcwords.com\/pl\/wp-json\/wp\/v2\/pages\/2218\/revisions"}],"wp:attachment":[{"href":"https:\/\/lcwords.com\/pl\/wp-json\/wp\/v2\/media?parent=2218"}],"curies":[{"name":"wp","href":"https:\/\/api.w.org\/{rel}","templated":true}]}}