{"id":2217,"date":"2023-05-12T12:41:56","date_gmt":"2023-05-12T12:41:56","guid":{"rendered":"https:\/\/lcwords.com\/privacy-policy\/"},"modified":"2023-10-24T05:05:47","modified_gmt":"2023-10-24T05:05:47","slug":"privacy-policy","status":"publish","type":"page","link":"https:\/\/lcwords.com\/it\/privacy-policy\/","title":{"rendered":"Privacy Policy (IT)"},"content":{"rendered":"<div class=\"fusion-fullwidth fullwidth-box fusion-builder-row-1 fusion-flex-container nonhundred-percent-fullwidth non-hundred-percent-height-scrolling\" style=\"--awb-border-radius-top-left:0px;--awb-border-radius-top-right:0px;--awb-border-radius-bottom-right:0px;--awb-border-radius-bottom-left:0px;--awb-flex-wrap:wrap;\" ><div class=\"fusion-builder-row fusion-row fusion-flex-align-items-flex-start fusion-flex-content-wrap\" style=\"max-width:1040px;margin-left: calc(-4% \/ 2 );margin-right: calc(-4% \/ 2 );\"><div class=\"fusion-layout-column fusion_builder_column fusion-builder-column-0 fusion_builder_column_1_1 1_1 fusion-flex-column\" style=\"--awb-bg-blend:overlay;--awb-bg-size:cover;--awb-width-large:100%;--awb-margin-top-large:0px;--awb-spacing-right-large:1.92%;--awb-margin-bottom-large:0px;--awb-spacing-left-large:1.92%;--awb-width-medium:100%;--awb-spacing-right-medium:1.92%;--awb-spacing-left-medium:1.92%;--awb-width-small:100%;--awb-spacing-right-small:1.92%;--awb-spacing-left-small:1.92%;\"><div class=\"fusion-column-wrapper fusion-flex-justify-content-flex-start fusion-content-layout-column\"><div class=\"fusion-title title fusion-title-1 fusion-sep-none fusion-title-text fusion-title-size-one\" style=\"--awb-margin-top-small:10px;--awb-margin-right-small:0px;--awb-margin-bottom-small:10px;--awb-margin-left-small:0px;\"><h1 class=\"fusion-title-heading title-heading-left\" style=\"margin:0;\">Informativa sulla privacy<\/h1><\/div><div class=\"fusion-text fusion-text-1\"><ul>\n<li><a href=\"https:\/\/lcwords.com\/it\/policies#privacy\">Informativa sulla privacy e sull&#8217;uso dei dati<\/a><\/li>\n<li><a href=\"https:\/\/lcwords.com\/it\/policies#terms\">Termini e condizioni<\/a><\/li>\n<li><a href=\"https:\/\/lcwords.com\/it\/policies#retention\">Politica di conservazione dei dati<\/a><\/li>\n<li><a href=\"https:\/\/lcwords.com\/it\/policies#contact\">Come contattarci<\/a><\/li>\n<\/ul>\n<h2 id=\"privacy\">Informativa sulla privacy e sull&#8217;uso dei dati<\/h2>\n<p>Lifewords si impegna a proteggere la tua privacy e a usare i tuoi dati in modo equo. Conserviamo e trattiamo tutte le informazioni personali in conformit\u00e0 con il Data Protection Act 1998 e il General Data Protection Regulations (GDPR). Questa dichiarazione spiega come raccogliamo, utilizziamo e memorizziamo le tue informazioni personali e quali sono le sue implicazioni per te. Questa dichiarazione dovrebbe essere letta in congiunzione con i nostri termini e condizioni.<\/p>\n<h3>Perch\u00e9 e come raccogliamo informazioni<\/h3>\n<p>Raccogliamo e conserviamo i vostri dati personali su un database sicuro per soddisfare i nostri obblighi legali, legali e contrattuali e i nostri obiettivi di beneficenza. Ci\u00f2 includer\u00e0 la registrazione e l&#8217;adempimento delle richieste di ricezione dei messaggi di LCWords in-app o via e-mail.<\/p>\n<p>I dati personali che raccogliamo possono includere email, sesso, fascia d&#8217;et\u00e0 e paese.<\/p>\n<p>Raccogliamo i tuoi dati personali direttamente da te attraverso il nostro sito Web e l&#8217;app di LCWords. Potremmo anche raccogliere informazioni che rendete disponibili su, ad esempio, Twitter, Facebook, Linkedin o piattaforme simili e raccogliamo anche dati non personali come indirizzi IP, dettagli delle pagine visitate e file scaricati quando visitate il nostro sito web. Occasionalmente potremmo raccogliere informazioni pubblicamente disponibili da fonti quali informazioni pubblicate in articoli, giornali o blog.<\/p>\n<h3>Politica sui cookie<\/h3>\n<p>Il nostro sito Web utilizza i cookie per impostare e ricordare la lingua che si utilizza sul nostro sito web. Sebbene memorizzati sul disco rigido, questi cookie non ci consentono di accedere al tuo computer e non rappresentano un rischio per il tuo computer o per i tuoi dati. Puoi disabilitare i cookie nel tuo browser. Questo potrebbe richiedere di selezionare il sito e la lingua regionali ogni volta che visiti.<\/p>\n<h3>Come usiamo i tuoi dati personali<\/h3>\n<p>Prendiamo sul serio la vostra privacy e non condividiamo o vendiamo i vostri dati ad altri enti di beneficenza o li rendiamo disponibili senza il vostro consenso, tranne se richiesto dalla legge. Elaboriamo i tuoi dati sulla base dell&#8217;interesse legittimo: questo \u00e8 il tuo interesse e coinvolgimento nella nostra missione. Il tuo indirizzo e-mail e il Paese sono memorizzati e utilizzati solo ai fini dell&#8217;abbonamento via e-mail. L&#8217;intervallo di et\u00e0 e i dati di genere vengono utilizzati a fini statistici. L&#8217;app LCWords raccoglie informazioni sul tuo Paese e sulla frequenza di utilizzo dell&#8217;app. Monitoriamo anche la tua interazione con l&#8217;app di LCWords ma solo in forma aggregata. Lo facciamo per migliorare l&#8217;app. Non \u00e8 possibile identificare un particolare utente dalle informazioni che raccogliamo attraverso l&#8217;app. Conserviamo i tuoi dati solo per il tempo necessario per esigenze legali o operative. Per vedere la nostra politica di conservazione dei dati, vai al capitolo &#8220;Politica di conservazione dei dati&#8221;.<\/p>\n<h3>Comunicazioni elettroniche<\/h3>\n<p>Se ti iscrivi a LCWords, riceverai e-mail sulla tua iscrizione. Puoi scegliere di ricevere altre comunicazioni e-mail (comprese le nostre e-mail occasionali sulle notizie della letteratura biblica e le nostre campagne) durante il processo di iscrizione online. A parte questo, la nostra politica \u00e8 di inviarti una e-mail solo se ci hai indicato che desideri ricevere comunicazioni elettroniche da noi, in conformit\u00e0 con la normativa sulla privacy e sulla comunicazione elettronica (direttiva CE) 2003. Tutte le nostre e-mail ti offrono la possibilit\u00e0 di disiscriverti.<\/p>\n<h3>Altri usi<\/h3>\n<p>Potremmo inviare i tuoi dati alle agenzie per fornire servizi postali e di altro tipo e sono regolati dalle stesse regole sulla privacy. I tuoi dati verranno sempre gestiti in modo sicuro. Fateci sapere se non desiderate che elaboriamo i vostri dati in questo modo.<\/p>\n<h3>I tuoi diritti<\/h3>\n<p>\u00c8 tuo diritto richiedere l&#8217;accesso a qualsiasi informazione che abbiamo su di te. Se desideri vedere i tuoi dati personali, o ritieni che siano errati o incompleti, ti preghiamo di scriverci all&#8217;indirizzo sottostante. Risponderemo alla richiesta entro 28 giorni dalla ricezione della lettera. Se ritieni che i tuoi dati siano stati utilizzati in modo improprio o che non li abbiamo tenuti al sicuro, ti preghiamo di farcelo sapere.<\/p>\n<h3>Modifiche alla dichiarazione sulla privacy di Lifewords<\/h3>\n<p>Di tanto in tanto, apporteremo modifiche a questa dichiarazione per tenerlo aggiornato e in linea con la legislazione vigente. Assicurati di controllare regolarmente per vedere cosa \u00e8 cambiato.<\/p>\n<h2 id=\"terms\">Termini e condizioni<\/h2>\n<p>By using this website, you are agreeing to comply with our terms and conditions of use, as set out below, together with our privacy and data use policy.<\/p>\n<h3>Condizioni d&#8217;uso<\/h3>\n<p>Il contenuto del sito Web LCWords.com riguarda le informazioni generali e l&#8217;utilizzo da parte dell&#8217;utente. Ci riserviamo il diritto di modificare il contenuto senza preavviso. Ci impegniamo, ma non possiamo garantire, la precisione e le prestazioni del sito web. Escludiamo la responsabilit\u00e0 per inesattezze o errori. \u00c8 responsabilit\u00e0 dell&#8217;utente garantire che le informazioni accessibili tramite questo sito Web soddisfino i requisiti specifici e che i materiali e le informazioni contenuti in questo sito Web vengano utilizzati a proprio rischio.<\/p>\n<h3>Copyright intellettuale<\/h3>\n<p>Questo sito Web contiene materiale di propriet\u00e0 di Lifewords. Questo include, ma non \u00e8 limitato a: design del sito Web, layout, immagini e testo. La riproduzione totale o parziale di questi \u00e8 vietata senza autorizzazione. L&#8217;uso non autorizzato di questo sito Web pu\u00f2 richiedere reclami per danni o costituire un reato.<\/p>\n<h3>Politica dei collegamenti<\/h3>\n<p>Questo sito Web contiene collegamenti a siti Web esterni. Lifewords non \u00e8 responsabile per il contenuto o la funzionalit\u00e0 di siti Web esterni collegati, n\u00e9 approva necessariamente alcuna visualizzazione o contenuto in esso contenuti. La notifica \u00e8 apprezzata, ma non richiesta, quando si collega a qualsiasi sito o contenuto Lifewords.<\/p>\n<h2 id=\"retention\">Politica di conservazione dei dati<\/h2>\n<p>Le nostre politiche e procedure di conservazione dei dati sono pienamente conformi al quinto principio dell&#8217;articolo 5 del GDPR.<\/p>\n<p>In pratica ci\u00f2 significa che non conserveremo i dati personali pi\u00f9 a lungo del necessario per esigenze legali o operative. Per quanto tempo manterremo i tuoi dati dipender\u00e0 dalla natura del tuo rapporto con noi.<\/p>\n<p>Se dopo il tuo primo contatto con noi (una donazione, una richiesta di contatto o qualche altra attivit\u00e0) non intraprendi ulteriori azioni con noi in un periodo di due anni, rimuoveremo il tuo nome dalle nostre mailing list postali. Questo perch\u00e9 non crediamo ci sia un interesse legittimo a continuare a utilizzare i tuoi dati. Prima di rimuoverti dalle nostre mailing list, ti offriremo l&#8217;opportunit\u00e0 di scegliere di ricevere comunicazioni da noi. Dopo quattro anni di inattivit\u00e0, rimuoveremo i tuoi dati dal nostro database di supporter e quindi interromper\u00f2 l&#8217;elaborazione dei tuoi dati. Se sei iscritto a qualsiasi elenco di e-mail, continuerai a ricevere e-mail fino alla disiscrizione. Il tuo account web, se ne hai uno, rimarr\u00e0 attivo fino a quando non sostituiremo il nostro sito web o eliminerai il tuo account.<\/p>\n<p>Per tutti gli altri, esamineremo la tua inclusione nelle mailing list postali ogni due o tre anni, dandoti l&#8217;opportunit\u00e0 di scegliere di ricevere comunicazioni prima di rimuovere i tuoi dettagli. Verificheremo periodicamente quelli senza ulteriori attivit\u00e0 ogni quattro anni e, laddove non vi siano motivi di interesse legittimo, provvederemo a rimuoverti dalle nostre mailing list e dal nostro database di sostenitori. Se sei iscritto a qualsiasi elenco di e-mail, continuerai a ricevere e-mail fino alla disiscrizione. Il tuo account web, se ne hai uno, rimarr\u00e0 attivo fino a quando non sostituiremo il nostro sito web o eliminerai il tuo account.<\/p>\n<p>Potremmo considerare l&#8217;interesse legittimo a continuare ad elaborare i tuoi dati se sei un potenziale legatore, un membro dell&#8217;Associazione, un ex membro dello staff o un fiduciario o un donatore significativo a lungo termine.<\/p>\n<h2 id=\"contact\">Come contattarci<\/h2>\n<p>Se avete domande su come vengono gestite le vostre informazioni, o per farci sapere le vostre preferenze, scriveteci a: ciao@LCWords.com, telefono +44 20 7730 2155, o scrivete a:<\/p>\n<p>Lifewords<br \/>\n1A The Chandlery<br \/>\n50 Westminster Bridge Road<br \/>\nLondon<br \/>\nSE1 7QY<\/p>\n<p>Lifewords \u00e8 il nome operativo di Scripture Gift Mission (Incorporated), una societ\u00e0 a responsabilit\u00e0 limitata. Registrato nel Regno Unito. Sede legale: 1A The Chandlery, 50 Westminster Bridge Road, London SE1 7QY. Societ\u00e0 n. 145932. Beneficenza n. 219055. Partita IVA GB 239 6620 43.<\/p>\n<p>Membro della famiglia globale di organizzazioni Lifewords<\/p>\n<p><em>Aggiornato: 24.10.2023<\/em><\/p>\n<\/div><\/div><\/div><\/div><\/div>\n","protected":false},"excerpt":{"rendered":"","protected":false},"author":1,"featured_media":0,"parent":0,"menu_order":0,"comment_status":"closed","ping_status":"closed","template":"","meta":{"_acf_changed":false,"footnotes":""},"class_list":["post-2217","page","type-page","status-publish","hentry"],"acf":[],"_links":{"self":[{"href":"https:\/\/lcwords.com\/it\/wp-json\/wp\/v2\/pages\/2217"}],"collection":[{"href":"https:\/\/lcwords.com\/it\/wp-json\/wp\/v2\/pages"}],"about":[{"href":"https:\/\/lcwords.com\/it\/wp-json\/wp\/v2\/types\/page"}],"author":[{"embeddable":true,"href":"https:\/\/lcwords.com\/it\/wp-json\/wp\/v2\/users\/1"}],"replies":[{"embeddable":true,"href":"https:\/\/lcwords.com\/it\/wp-json\/wp\/v2\/comments?post=2217"}],"version-history":[{"count":0,"href":"https:\/\/lcwords.com\/it\/wp-json\/wp\/v2\/pages\/2217\/revisions"}],"wp:attachment":[{"href":"https:\/\/lcwords.com\/it\/wp-json\/wp\/v2\/media?parent=2217"}],"curies":[{"name":"wp","href":"https:\/\/api.w.org\/{rel}","templated":true}]}}