{"id":2221,"date":"2023-05-12T12:41:56","date_gmt":"2023-05-12T12:41:56","guid":{"rendered":"https:\/\/lcwords.com\/privacy-policy\/"},"modified":"2023-11-07T15:30:37","modified_gmt":"2023-11-07T15:30:37","slug":"privacy-policy","status":"publish","type":"page","link":"https:\/\/lcwords.com\/es\/privacy-policy\/","title":{"rendered":"Privacy Policy (ES)"},"content":{"rendered":"<div class=\"fusion-fullwidth fullwidth-box fusion-builder-row-1 fusion-flex-container nonhundred-percent-fullwidth non-hundred-percent-height-scrolling\" style=\"--awb-border-radius-top-left:0px;--awb-border-radius-top-right:0px;--awb-border-radius-bottom-right:0px;--awb-border-radius-bottom-left:0px;--awb-flex-wrap:wrap;\" ><div class=\"fusion-builder-row fusion-row fusion-flex-align-items-flex-start fusion-flex-content-wrap\" style=\"max-width:1040px;margin-left: calc(-4% \/ 2 );margin-right: calc(-4% \/ 2 );\"><div class=\"fusion-layout-column fusion_builder_column fusion-builder-column-0 fusion_builder_column_1_1 1_1 fusion-flex-column\" style=\"--awb-bg-blend:overlay;--awb-bg-size:cover;--awb-width-large:100%;--awb-margin-top-large:0px;--awb-spacing-right-large:1.92%;--awb-margin-bottom-large:0px;--awb-spacing-left-large:1.92%;--awb-width-medium:100%;--awb-spacing-right-medium:1.92%;--awb-spacing-left-medium:1.92%;--awb-width-small:100%;--awb-spacing-right-small:1.92%;--awb-spacing-left-small:1.92%;\"><div class=\"fusion-column-wrapper fusion-flex-justify-content-flex-start fusion-content-layout-column\"><div class=\"fusion-title title fusion-title-1 fusion-sep-none fusion-title-text fusion-title-size-one\" style=\"--awb-margin-top-small:10px;--awb-margin-right-small:0px;--awb-margin-bottom-small:10px;--awb-margin-left-small:0px;\"><h1 class=\"fusion-title-heading title-heading-left\" style=\"margin:0;\">Pol\u00edtica de privacidad<\/h1><\/div><div class=\"fusion-text fusion-text-1\"><ul>\n<li><a href=\"https:\/\/lcwords.com\/es\/policies#privacy\">Declaraci\u00f3n de uso de privacidad y datos<\/a><\/li>\n<li><a href=\"https:\/\/lcwords.com\/es\/policies#terms\">T\u00e9rminos y Condiciones<\/a><\/li>\n<li><a href=\"https:\/\/lcwords.com\/es\/policies#retention\">Pol\u00edtica de retenci\u00f3n de datos<\/a><\/li>\n<li><a href=\"https:\/\/lcwords.com\/es\/policies#contact\">C\u00f3mo contactarnos<\/a><\/li>\n<\/ul>\n<h2 id=\"privacy\">Declaraci\u00f3n de uso de privacidad y datos<\/h2>\n<p>Lifewords se compromete a proteger su privacidad y utilizar sus datos de manera justa. Retenemos y procesamos toda la informaci\u00f3n personal de acuerdo con la Ley de Protecci\u00f3n de Datos de 1998 y el Reglamento General de Protecci\u00f3n de Datos (GDPR). Esta declaraci\u00f3n explica c\u00f3mo recopilamos, usamos y almacenamos su informaci\u00f3n personal y cu\u00e1les son sus implicaciones para usted. Esta declaraci\u00f3n debe leerse junto con nuestros t\u00e9rminos y condiciones.<\/p>\n<h3>Por qu\u00e9 y c\u00f3mo recopilamos informaci\u00f3n<\/h3>\n<p>Recopilamos y almacenamos sus datos personales en una base de datos segura para cumplir con nuestras obligaciones legales, estatutarias y contractuales y nuestros objetivos caritativos. Esto incluir\u00e1 la grabaci\u00f3n y el cumplimiento de solicitudes para recibir mensajes de LCWords en la aplicaci\u00f3n o por correo electr\u00f3nico.<\/p>\n<p>Los datos personales que recopilamos pueden incluir correo electr\u00f3nico, sexo, rango de edad y pa\u00eds.<\/p>\n<p>Recopilamos sus datos personales directamente de usted a trav\u00e9s de nuestro sitio web y la aplicaci\u00f3n LCWords. Tambi\u00e9n podemos recopilar informaci\u00f3n que est\u00e9 disponible en, por ejemplo, Twitter, Facebook, Linkedin o plataformas similares y tambi\u00e9n recopilamos datos no personales como direcciones IP, detalles de p\u00e1ginas visitadas y archivos descargados cuando visita nuestro sitio web. Ocasionalmente, podemos recopilar informaci\u00f3n disponible p\u00fablicamente de fuentes tales como informaci\u00f3n publicada en art\u00edculos, peri\u00f3dicos o blogs.<\/p>\n<h3>Pol\u00edtica de Cookies<\/h3>\n<p>Nuestro sitio web utiliza cookies para establecer y recordar el idioma que usa en nuestro sitio web. Aunque est\u00e1n almacenadas en su disco duro, estas cookies no nos permiten acceder a su computadora y no representan ning\u00fan riesgo para su computadora o sus datos. Puede desactivar las cookies en su navegador. Esto puede requerir que seleccione su sitio regional e idioma cada vez que lo visite.<\/p>\n<h3>C\u00f3mo utilizamos sus datos personales<\/h3>\n<p>Nos tomamos muy en serio su privacidad y no compartimos ni vendemos sus datos a otras organizaciones ben\u00e9ficas, ni lo hacemos disponible sin su consentimiento, excepto si as\u00ed lo exige la ley. Procesamos sus datos sobre la base de un inter\u00e9s leg\u00edtimo; ese es su inter\u00e9s y participaci\u00f3n en nuestra misi\u00f3n. Su direcci\u00f3n de correo electr\u00f3nico y pa\u00eds se almacenan y utilizan solo para el prop\u00f3sito de la suscripci\u00f3n por correo electr\u00f3nico. Los datos de rango de edad y sexo se usan con fines estad\u00edsticos. La aplicaci\u00f3n LCWords recopila informaci\u00f3n sobre su pa\u00eds y la frecuencia del uso de su aplicaci\u00f3n. Tambi\u00e9n supervisamos su interacci\u00f3n con la aplicaci\u00f3n LCWords, pero solo de forma agregada. Hacemos esto para mejorar la aplicaci\u00f3n. No es posible identificar a un usuario en particular a partir de la informaci\u00f3n que recopilamos a trav\u00e9s de la aplicaci\u00f3n. Solo conservamos sus datos el tiempo que sea necesario para las necesidades legales u operativas. Para ver nuestra pol\u00edtica de retenci\u00f3n de datos, vaya al cap\u00edtulo \u00abPol\u00edtica de retenci\u00f3n de datos\u00bb.<\/p>\n<h3>Comunicaciones electr\u00f3nicas<\/h3>\n<p>Si se suscribe a LCWords, recibir\u00e1 correos electr\u00f3nicos sobre su suscripci\u00f3n. Puede optar por recibir otras comunicaciones por correo electr\u00f3nico (incluidos nuestros correos electr\u00f3nicos ocasionales sobre noticias de la literatura b\u00edblica y nuestras campa\u00f1as) durante el proceso de suscripci\u00f3n en l\u00ednea. Aparte de eso, nuestra pol\u00edtica es enviarle un correo electr\u00f3nico \u00fanicamente si nos ha indicado que desea recibir comunicaciones electr\u00f3nicas de nuestra parte, de conformidad con las Normativas de Privacidad y Comunicaci\u00f3n Electr\u00f3nica (Directiva CE) 2003. Todos nuestros correos electr\u00f3nicos le ofrecen la posibilidad de darse de baja.<\/p>\n<h3>Otros usos<\/h3>\n<p>Podemos enviar sus datos a las agencias para proporcionar correos y otros servicios, y se rigen por las mismas reglas de privacidad. Sus datos siempre se manejar\u00e1n de forma segura. Por favor, h\u00e1ganos saber si no desea que procesemos sus datos de esta manera.<\/p>\n<h3>Tus derechos<\/h3>\n<p>Es su derecho solicitar acceso a cualquiera de la informaci\u00f3n que tenemos sobre usted. Si desea ver sus datos personales, o cree que son incorrectos o incompletos, escr\u00edbanos a la direcci\u00f3n que se encuentra a continuaci\u00f3n. Responderemos a su solicitud dentro de los 28 d\u00edas posteriores a la recepci\u00f3n de su carta. Si cree que sus datos han sido mal utilizados o que no los hemos mantenido seguros, h\u00e1ganos saber.<\/p>\n<h3>Cambios en la declaraci\u00f3n de privacidad de Lifewords<\/h3>\n<p>De vez en cuando, haremos cambios a esta declaraci\u00f3n para mantenerla actualizada y en l\u00ednea con la legislaci\u00f3n vigente. Por favor, aseg\u00farese de comprobar regularmente para ver qu\u00e9 ha cambiado.<\/p>\n<h2 id=\"terms\">T\u00e9rminos y Condiciones<\/h2>\n<p>Al utilizar este sitio web, acepta cumplir con nuestros t\u00e9rminos y condiciones de uso, tal como se establece a continuaci\u00f3n, junto con nuestra pol\u00edtica de privacidad y uso de datos.<\/p>\n<h3>T\u00e9rminos de Uso<\/h3>\n<p>El contenido del sitio web LCWords.com es para su informaci\u00f3n y uso general. Nos reservamos el derecho de cambiar el contenido sin previo aviso. Nos esforzamos por, pero no podemos garantizar, la precisi\u00f3n y el rendimiento del sitio web. Excluimos la responsabilidad por inexactitudes o errores. Ser\u00e1 su responsabilidad asegurarse de que la informaci\u00f3n a la que accede a trav\u00e9s de este sitio web cumpla con sus requisitos espec\u00edficos, y los materiales e informaci\u00f3n de este sitio web se utilicen bajo su propio riesgo.<\/p>\n<h3>Derechos de autor intelectual<\/h3>\n<p>Este sitio web contiene material propiedad de Lifewords. Esto incluye, entre otros, el dise\u00f1o del sitio web, el dise\u00f1o, las im\u00e1genes y el texto. La reproducci\u00f3n de todo o parte de estos est\u00e1 prohibida sin permiso. El uso no autorizado de este sitio web puede exigir reclamos por da\u00f1os y perjuicios, o puede constituir una ofensa criminal.<\/p>\n<h3>Pol\u00edtica de enlaces<\/h3>\n<p>Este sitio web contiene enlaces a sitios web externos. Lifewords no se hace responsable del contenido o la funcionalidad de los sitios web externos vinculados, ni respalda necesariamente ninguna vista o contenido que se encuentre en el mismo. La notificaci\u00f3n se agradece, pero no es necesaria, cuando se vincula a cualquier sitio o contenido de Lifewords.<\/p>\n<h2 id=\"retention\">Pol\u00edtica de retenci\u00f3n de datos<\/h2>\n<p>Nuestra Pol\u00edtica de retenci\u00f3n de datos y nuestros procesos cumplen completamente con el quinto principio del Art\u00edculo 5 en GDPR.<\/p>\n<p>En la pr\u00e1ctica, esto significa que no conservaremos los datos personales m\u00e1s de lo necesario para los requisitos legales u operativos. Cu\u00e1nto tiempo conservamos sus datos depender\u00e1 de la naturaleza de su relaci\u00f3n con nosotros.<\/p>\n<p>Si despu\u00e9s de su contacto inicial con nosotros (una donaci\u00f3n, una solicitud de contacto o alguna otra actividad) no realiza m\u00e1s acciones con nosotros en un per\u00edodo de dos a\u00f1os, eliminaremos su nombre de nuestras listas de correo postal. Esto se debe a que no creemos que exista un inter\u00e9s leg\u00edtimo en continuar usando sus datos. Antes de que lo eliminemos de nuestras listas de correo, le ofreceremos la oportunidad de elegir recibir nuestras comunicaciones. Despu\u00e9s de cuatro a\u00f1os de inactividad, eliminaremos sus datos de nuestra base de datos de seguidores y, por lo tanto, dejaremos de procesar sus datos. Si est\u00e1 suscrito a cualquier lista de correo electr\u00f3nico, seguir\u00e1 recibiendo correos electr\u00f3nicos hasta que se cancele la suscripci\u00f3n. Su cuenta web, si tiene una, permanecer\u00e1 activa hasta que reemplacemos nuestro sitio web o elimine su cuenta.<\/p>\n<p>Para todos los dem\u00e1s, revisaremos su inclusi\u00f3n en listas de correo postal cada dos o tres a\u00f1os, brind\u00e1ndoles la oportunidad de elegir recibir comunicaciones antes de eliminar sus detalles. Revisaremos peri\u00f3dicamente aquellos que no tengan actividad adicional cada cuatro a\u00f1os y, cuando no haya motivos para un inter\u00e9s leg\u00edtimo, lo eliminaremos de nuestras listas de correo y base de datos de seguidores. Si est\u00e1 suscrito a cualquier lista de correo electr\u00f3nico, continuar\u00e1 recibiendo correos electr\u00f3nicos hasta que se cancele la suscripci\u00f3n. Su cuenta web, si tiene una, permanecer\u00e1 activa hasta que reemplacemos nuestro sitio web o elimine su cuenta.<\/p>\n<p>Podemos considerar que existe un inter\u00e9s leg\u00edtimo en continuar procesando sus datos si usted es un potencial legislador, un miembro de la Asociaci\u00f3n, un antiguo miembro del personal o fiduciario, o un donante importante a largo plazo.<\/p>\n<h2 id=\"contact\">C\u00f3mo contactarnos<\/h2>\n<p>Si tiene alguna pregunta sobre c\u00f3mo se maneja su informaci\u00f3n o si desea comunicarnos sus preferencias, env\u00edenos un correo electr\u00f3nico a hello@LCWords.com, llame al +44 20 7730 2155 o escriba a:<\/p>\n<p>Lifewords<br \/>\n1A The Chandlery<br \/>\n50 Westminster Bridge Road<br \/>\nLondon<br \/>\nSE1 7QY<\/p>\n<p>Lifewords es el nombre operativo de Scripture Gift Mission (Incorporated), una compa\u00f1\u00eda limitada por garant\u00eda. Registrado en el Reino Unido. Oficina registrada: 1A The Chandlery, 50 Westminster Bridge Road, Londres SE1 7QY. Compa\u00f1\u00eda No. 145932. Caridad No. 219055. IVA No. GB 239 6620 43.<\/p>\n<p>Un miembro de la familia global de organizaciones de Lifewords<\/p>\n<p><em>Actualizado: 21.09.2023<\/em><\/p>\n<\/div><\/div><\/div><\/div><\/div>\n","protected":false},"excerpt":{"rendered":"","protected":false},"author":1,"featured_media":0,"parent":0,"menu_order":0,"comment_status":"closed","ping_status":"closed","template":"","meta":{"_acf_changed":false,"footnotes":""},"class_list":["post-2221","page","type-page","status-publish","hentry"],"acf":[],"_links":{"self":[{"href":"https:\/\/lcwords.com\/es\/wp-json\/wp\/v2\/pages\/2221"}],"collection":[{"href":"https:\/\/lcwords.com\/es\/wp-json\/wp\/v2\/pages"}],"about":[{"href":"https:\/\/lcwords.com\/es\/wp-json\/wp\/v2\/types\/page"}],"author":[{"embeddable":true,"href":"https:\/\/lcwords.com\/es\/wp-json\/wp\/v2\/users\/1"}],"replies":[{"embeddable":true,"href":"https:\/\/lcwords.com\/es\/wp-json\/wp\/v2\/comments?post=2221"}],"version-history":[{"count":0,"href":"https:\/\/lcwords.com\/es\/wp-json\/wp\/v2\/pages\/2221\/revisions"}],"wp:attachment":[{"href":"https:\/\/lcwords.com\/es\/wp-json\/wp\/v2\/media?parent=2221"}],"curies":[{"name":"wp","href":"https:\/\/api.w.org\/{rel}","templated":true}]}}