{"id":2215,"date":"2023-05-12T12:41:56","date_gmt":"2023-05-12T12:41:56","guid":{"rendered":"https:\/\/lcwords.com\/privacy-policy\/"},"modified":"2023-08-28T14:48:40","modified_gmt":"2023-08-28T14:48:40","slug":"privacy-policy","status":"publish","type":"page","link":"https:\/\/lcwords.com\/de\/privacy-policy\/","title":{"rendered":"Privacy Policy"},"content":{"rendered":"<div class=\"fusion-fullwidth fullwidth-box fusion-builder-row-1 fusion-flex-container nonhundred-percent-fullwidth non-hundred-percent-height-scrolling\" style=\"--awb-border-radius-top-left:0px;--awb-border-radius-top-right:0px;--awb-border-radius-bottom-right:0px;--awb-border-radius-bottom-left:0px;--awb-flex-wrap:wrap;\" ><div class=\"fusion-builder-row fusion-row fusion-flex-align-items-flex-start fusion-flex-content-wrap\" style=\"max-width:1040px;margin-left: calc(-4% \/ 2 );margin-right: calc(-4% \/ 2 );\"><div class=\"fusion-layout-column fusion_builder_column fusion-builder-column-0 fusion_builder_column_1_1 1_1 fusion-flex-column\" style=\"--awb-bg-blend:overlay;--awb-bg-size:cover;--awb-width-large:100%;--awb-margin-top-large:0px;--awb-spacing-right-large:1.92%;--awb-margin-bottom-large:0px;--awb-spacing-left-large:1.92%;--awb-width-medium:100%;--awb-spacing-right-medium:1.92%;--awb-spacing-left-medium:1.92%;--awb-width-small:100%;--awb-spacing-right-small:1.92%;--awb-spacing-left-small:1.92%;\"><div class=\"fusion-column-wrapper fusion-flex-justify-content-flex-start fusion-content-layout-column\"><div class=\"fusion-title title fusion-title-1 fusion-sep-none fusion-title-text fusion-title-size-one\" style=\"--awb-margin-top-small:10px;--awb-margin-right-small:0px;--awb-margin-bottom-small:10px;--awb-margin-left-small:0px;\"><h1 class=\"fusion-title-heading title-heading-left\" style=\"margin:0;\">Datenschutz-Bestimmungen<\/h1><\/div><div class=\"fusion-text fusion-text-1\"><ul>\n<li><a href=\"#privacy\">Datenschutz und Datennutzungserkl\u00e4rung<\/a><\/li>\n<li><a href=\"#terms\">Gesch\u00e4ftsbedingungen<\/a><\/li>\n<li><a href=\"#retention\">Richtlinie zur Datenaufbewahrung<\/a><\/li>\n<li><a href=\"#contact\">Wie Sie uns erreichen<\/a><\/li>\n<\/ul>\n<h2 id=\"privacy\">Datenschutz und Datennutzungserkl\u00e4rung<\/h2>\n<p>Lifewords verpflichtet sich, Ihre Privatsph\u00e4re zu sch\u00fctzen und Ihre Daten fair zu verwenden. Wir speichern und verarbeiten alle personenbezogenen Daten gem\u00e4\u00df dem Datenschutzgesetz von 1998 und den Datenschutzbestimmungen (DSGVO). Diese Erkl\u00e4rung erkl\u00e4rt, wie wir Ihre pers\u00f6nlichen Daten sammeln, verwenden und speichern und welche Auswirkungen sie f\u00fcr Sie haben. Diese Erkl\u00e4rung sollte in Verbindung mit unseren Gesch\u00e4ftsbedingungen gelesen werden.<\/p>\n<h3>Warum und wie wir Informationen sammeln<\/h3>\n<p>Wir erfassen und speichern Ihre personenbezogenen Daten in einer sicheren Datenbank, um unseren gesetzlichen, satzungsm\u00e4\u00dfigen und vertraglichen Verpflichtungen sowie unseren gemeinn\u00fctzigen Zielen gerecht zu werden. Dies umfasst das Aufnehmen und Erf\u00fcllen von Anfragen zum Empfangen von LCWords-Nachrichten in-App oder per E-Mail.<\/p>\n<p>Die pers\u00f6nlichen Daten, die wir sammeln, k\u00f6nnen E-Mail, Geschlecht, Altersgruppe und Land enthalten.<\/p>\n<p>Wir sammeln Ihre pers\u00f6nlichen Daten direkt von Ihnen \u00fcber unsere Website und die LCWords App. Wir k\u00f6nnen auch Informationen erfassen, die Sie beispielsweise auf Twitter, Facebook, Linkedin oder \u00e4hnlichen Plattformen zur Verf\u00fcgung stellen, und wir sammeln auch nicht personenbezogene Daten wie IP-Adressen, Details von besuchten Seiten und heruntergeladene Dateien, wenn Sie unsere Website besuchen. Gelegentlich sammeln wir \u00f6ffentlich verf\u00fcgbare Informationen aus Quellen wie Informationen, die in Artikeln, Zeitungen oder Blogs ver\u00f6ffentlicht werden.<\/p>\n<h3>Cookie-Richtlinien<\/h3>\n<p>Unsere Website verwendet Cookies, um die Sprache, die Sie auf unserer Website verwenden, festzulegen und zu speichern. Obwohl diese Cookies auf Ihrer Festplatte gespeichert sind, erm\u00f6glichen Sie uns keinen Zugriff auf Ihren Computer und stellen kein Risiko f\u00fcr Ihren Computer oder Ihre Daten dar. Sie k\u00f6nnen Cookies in Ihrem Browser deaktivieren. M\u00f6glicherweise m\u00fcssen Sie bei jedem Besuch Ihre regionale Website und Sprache ausw\u00e4hlen.<\/p>\n<h3>Wie wir Ihre pers\u00f6nlichen Daten verwenden<\/h3>\n<p>Wir nehmen Ihre Privatsph\u00e4re ernst und teilen oder verkaufen Ihre Daten nicht an andere Wohlt\u00e4tigkeitsorganisationen oder stellen sie ohne Ihre Zustimmung nicht zur Verf\u00fcgung, au\u00dfer wenn dies gesetzlich vorgeschrieben ist. Wir verarbeiten Ihre Daten auf Basis legitimer Interessen &#8211; das ist Ihr Interesse und Ihre Beteiligung an unserer Mission. Ihre E-Mail-Adresse und Ihr Land werden nur f\u00fcr den Zweck des E-Mail-Abonnements gespeichert und verwendet. Altersbereichs- und Geschlechtsdaten werden f\u00fcr statistische Zwecke verwendet. Die LCWords App sammelt Informationen \u00fcber Ihr Land und die H\u00e4ufigkeit Ihrer App-Nutzung. Wir \u00fcberwachen auch Ihre Interaktion mit der LCWords App, aber nur in aggregierter Form. Wir tun dies, um die App zu verbessern. Es ist nicht m\u00f6glich, einen bestimmten Nutzer anhand der Informationen zu identifizieren, die wir \u00fcber die App erfassen. Wir speichern Ihre Daten nur so lange, wie es f\u00fcr rechtliche oder betriebliche Zwecke erforderlich ist. Um unsere Richtlinien zur Datenspeicherung zu lesen, gehen Sie bitte zum Kapitel &#8222;Richtlinie zur Datenaufbewahrung&#8220;.<\/p>\n<h3>Elektronische Kommunikation<\/h3>\n<p>Wenn Sie LCWords abonnieren, erhalten Sie E-Mails zu Ihrem Abonnement. Sie k\u00f6nnen sich w\u00e4hrend des Online-Abonnement-Prozesses daf\u00fcr entscheiden, andere E-Mail-Mitteilungen zu erhalten (einschlie\u00dflich unserer gelegentlichen E-Mails \u00fcber Neuigkeiten aus der Bibelliteratur und unsere Kampagnen). Dar\u00fcber hinaus besteht unsere Richtlinie darin, Ihnen nur dann eine E-Mail zu senden, wenn Sie uns gem\u00e4\u00df den Bestimmungen f\u00fcr Datenschutz und elektronische Kommunikation (EC Directive) von 2003 die elektronische Kommunikation mit uns angezeigt haben. Alle unsere E-Mails bieten Ihnen die M\u00f6glichkeit, sich abzumelden.<\/p>\n<h3>Andere Anwendungen<\/h3>\n<p>Wir k\u00f6nnen Ihre Daten an Agenturen senden, um Post- und andere Dienstleistungen zu erbringen, und unterliegen denselben Datenschutzbestimmungen. Ihre Daten werden immer sicher behandelt. Bitte lassen Sie uns wissen, wenn Sie nicht m\u00f6chten, dass wir Ihre Daten auf diese Weise verarbeiten.<\/p>\n<h3>Deine Rechte<\/h3>\n<p>Sie haben das Recht, Zugang zu den Informationen zu erhalten, die wir \u00fcber Sie besitzen. Wenn Sie Ihre pers\u00f6nlichen Daten sehen m\u00f6chten oder glauben, dass diese falsch oder unvollst\u00e4ndig sind, schreiben Sie uns bitte an die unten angegebene Adresse. Wir werden Ihre Anfrage innerhalb von 28 Tagen nach Erhalt Ihres Briefes beantworten. Wenn Sie glauben, dass Ihre Daten missbraucht wurden oder wir sie nicht sicher aufbewahrt haben, teilen Sie uns dies bitte ebenfalls mit.<\/p>\n<h3>\u00c4nderungen an der Datenschutzerkl\u00e4rung von Lifewords<\/h3>\n<p>Von Zeit zu Zeit werden wir \u00c4nderungen an dieser Erkl\u00e4rung vornehmen, um sie auf dem aktuellen Stand der Gesetzgebung zu halten. Bitte \u00fcberpr\u00fcfen Sie regelm\u00e4\u00dfig, um zu sehen, was sich ge\u00e4ndert hat.<\/p>\n<h2 id=\"terms\">Gesch\u00e4ftsbedingungen<\/h2>\n<p>Durch die Nutzung dieser Website erkl\u00e4ren Sie sich mit unseren Datenschutzbestimmungen einverstanden, die im Folgenden erl\u00e4utert werden.<\/p>\n<h3>Nutzungsbedingungen<\/h3>\n<p>Der Inhalt der LCWords.com-Website dient Ihrer allgemeinen Information und Nutzung durch Sie. Wir behalten uns das Recht vor, den Inhalt ohne Ank\u00fcndigung zu \u00e4ndern. Wir bem\u00fchen uns, k\u00f6nnen aber nicht garantieren, Genauigkeit und Website-Leistung. Wir schlie\u00dfen die Haftung f\u00fcr Ungenauigkeiten oder Fehler aus. Es liegt in Ihrer eigenen Verantwortung sicherzustellen, dass die Informationen, auf die Sie \u00fcber diese Website zugreifen, Ihren spezifischen Anforderungen entsprechen und Materialien und Informationen dieser Website auf eigenes Risiko verwendet werden.<\/p>\n<h3>Geistiges Urheberrecht<\/h3>\n<p>Diese Website enth\u00e4lt Material von Lifewords. Dies beinhaltet, ist aber nicht beschr\u00e4nkt auf: Website-Design, Layout, Bilder und Text. Die Reproduktion aller oder eines Teils davon ist ohne Genehmigung untersagt. Die unerlaubte Nutzung dieser Website kann Schadenersatzforderungen oder eine Straftat zur Folge haben.<\/p>\n<h3>Richtlinien f\u00fcr Links<\/h3>\n<p>Diese Website enth\u00e4lt Links zu externen Websites. Lifewords ist nicht verantwortlich f\u00fcr den Inhalt oder die Funktionalit\u00e4t von externen verlinkten Websites und unterst\u00fctzt auch nicht unbedingt die darin enthaltenen Meinungen oder Inhalte. Die Benachrichtigung wird gesch\u00e4tzt, ist aber nicht erforderlich, wenn eine Verkn\u00fcpfung mit einer beliebigen Lifewords-Website oder einem Inhalt erstellt wird.<\/p>\n<h2 id=\"retention\">Richtlinie zur Datenaufbewahrung<\/h2>\n<p>Unsere Richtlinien und Prozesse zur Vorratsdatenspeicherung entsprechen vollst\u00e4ndig dem f\u00fcnften Grundsatz von Artikel 5 der DSGVO.<\/p>\n<p>In der Praxis bedeutet dies, dass wir personenbezogene Daten nicht l\u00e4nger aufbewahren, als dies f\u00fcr rechtliche oder betriebliche Anforderungen erforderlich ist. Wie lange wir Ihre Daten aufbewahren, h\u00e4ngt von der Art Ihrer Beziehung zu uns ab.<\/p>\n<p>Wenn Sie nach Ihrem ersten Kontakt mit uns (eine Spende, eine Kontaktanfrage oder eine andere Aktivit\u00e4t) innerhalb von zwei Jahren keine weiteren Ma\u00dfnahmen ergreifen, werden wir Ihren Namen aus unseren Postversandlisten entfernen. Dies liegt daran, dass wir kein berechtigtes Interesse daran haben, Ihre Daten weiterhin zu verwenden. Bevor wir Sie von unseren Mailinglisten entfernen, bieten wir Ihnen die M\u00f6glichkeit, Mitteilungen von uns zu erhalten. Nach vier Jahren Inaktivit\u00e4t werden wir Ihre Daten aus unserer Supporter-Datenbank entfernen und die Verarbeitung Ihrer Daten einstellen. Wenn Sie E-Mail-Listen abonniert haben, erhalten Sie weiterhin E-Mails, bis Sie sich abmelden. Ihr Webkonto, sofern vorhanden, bleibt aktiv, bis wir unsere Website ersetzen oder Sie Ihr Konto l\u00f6schen.<\/p>\n<p>F\u00fcr alle anderen werden wir Ihre Aufnahme in Postversandlisten alle zwei oder drei Jahre \u00fcberpr\u00fcfen, um Ihnen die M\u00f6glichkeit zu geben, Mitteilungen zu erhalten, bevor wir Ihre Daten entfernen. Wir werden diese regelm\u00e4\u00dfig alle vier Jahre ohne weitere Aktivit\u00e4ten \u00fcberpr\u00fcfen und, wenn kein Grund f\u00fcr ein berechtigtes Interesse besteht, werden wir Sie aus unserer Mailingliste und Supporter-Datenbank entfernen. Wenn Sie E-Mail-Listen abonniert haben, erhalten Sie weiterhin E-Mails, bis Sie sich abmelden. Ihr Webkonto, sofern vorhanden, bleibt aktiv, bis wir unsere Website ersetzen oder Sie Ihr Konto l\u00f6schen.<\/p>\n<p>Wir sind der Ansicht, dass ein legitimes Interesse besteht, Ihre Daten weiter zu verarbeiten, wenn Sie ein potenzieller Legator, ein Mitglied eines Verbands, ein ehemaliger Mitarbeiter oder Treuh\u00e4nder oder ein bedeutender langfristiger Spender sind.<\/p>\n<h2 id=\"contact\">Wie Sie uns erreichen<\/h2>\n<p>Wenn Sie Fragen dazu haben, wie Ihre Informationen gehandhabt werden oder uns Ihre Pr\u00e4ferenzen mitzuteilen, senden Sie uns bitte eine E-Mail an hello@LCWords.com, Telefon +44 20 7730 2155, oder schreiben Sie an Lifewords, unter:<\/p>\n<p>Lifewords<br \/>1A The Chandlery<br \/>50 Westminster Bridge Road<br \/>London<br \/>SE1 7QY<\/p>\n<p>Lifewords is the operating name of Scripture Gift Mission (Incorporated), a company limited by guarantee. Registered in the UK. Registered office: 1A The Chandlery, 50 Westminster Bridge Road, London SE1 7QY. Company No. 145932. Charity No. 219055. VAT No. GB 239 6620 43.<\/p>\n<p>Ein Mitglied der globalen Familie von Lifewords von Organisationen<\/p>\n<p><em>Aktualisiert: 17.08.2023<\/em><\/p>\n<\/div><\/div><\/div><\/div><\/div>\n","protected":false},"excerpt":{"rendered":"","protected":false},"author":1,"featured_media":0,"parent":0,"menu_order":0,"comment_status":"closed","ping_status":"closed","template":"","meta":{"_acf_changed":false,"footnotes":""},"class_list":["post-2215","page","type-page","status-publish","hentry"],"acf":[],"_links":{"self":[{"href":"https:\/\/lcwords.com\/de\/wp-json\/wp\/v2\/pages\/2215"}],"collection":[{"href":"https:\/\/lcwords.com\/de\/wp-json\/wp\/v2\/pages"}],"about":[{"href":"https:\/\/lcwords.com\/de\/wp-json\/wp\/v2\/types\/page"}],"author":[{"embeddable":true,"href":"https:\/\/lcwords.com\/de\/wp-json\/wp\/v2\/users\/1"}],"replies":[{"embeddable":true,"href":"https:\/\/lcwords.com\/de\/wp-json\/wp\/v2\/comments?post=2215"}],"version-history":[{"count":0,"href":"https:\/\/lcwords.com\/de\/wp-json\/wp\/v2\/pages\/2215\/revisions"}],"wp:attachment":[{"href":"https:\/\/lcwords.com\/de\/wp-json\/wp\/v2\/media?parent=2215"}],"curies":[{"name":"wp","href":"https:\/\/api.w.org\/{rel}","templated":true}]}}